{"id":13,"date":"2023-02-17T21:21:19","date_gmt":"2023-02-17T21:21:19","guid":{"rendered":"https:\/\/oncofelazaro.com\/?page_id=13"},"modified":"2025-01-18T22:10:07","modified_gmt":"2025-01-18T22:10:07","slug":"ablacion-por-microondas-de-cancer","status":"publish","type":"page","link":"https:\/\/oncofelazaro.com\/index.php\/ablacion-por-microondas-de-cancer\/","title":{"rendered":"Ablaci\u00f3n por microondas del c\u00e1ncer"},"content":{"rendered":"\n<p class=\"has-black-color has-text-color has-medium-font-size\">La ablaci\u00f3n por microondas es un m\u00e9todo USA que desnaturaliza es decir anula el tumor aplicando calor, sin necesidad de cortar o hacer sangrar al \u00f3rgano, minimizando riesgos de la cirug\u00eda convencional. Especialmente indicado en C\u00e1ncer en h\u00edgado con cirrosis.<\/p>\n\n\n\n<div style=\"height:50px\" aria-hidden=\"true\" class=\"wp-block-spacer\"><\/div>\n\n\n\n<p class=\"has-white-color has-black-background-color has-text-color has-background has-link-color wp-elements-60505cc3d204288f65f5a8cb70f26817\"><strong>Ablaci\u00f3n de c\u00e1ncer de h\u00edgado en cirrosis hep\u00e1tica<\/strong><\/p>\n\n\n\n<div class=\"wp-block-columns is-layout-flex wp-container-core-columns-is-layout-9d6595d7 wp-block-columns-is-layout-flex\">\n<div class=\"wp-block-column is-layout-flow wp-block-column-is-layout-flow\">\n<figure class=\"wp-block-video\"><video controls src=\"https:\/\/oncofelazaro.com\/wp-content\/uploads\/2025\/01\/Ablacion_Tumor_Higado_2025-01-17-at-7.16.36-PM.mp4\"><\/video><\/figure>\n<\/div>\n\n\n\n<div class=\"wp-block-column is-layout-flow wp-block-column-is-layout-flow\">\n<figure class=\"wp-block-video\"><video controls src=\"https:\/\/oncofelazaro.com\/wp-content\/uploads\/2025\/01\/Ablacion_Tumor_Higado_025-01-17-at-7.16.37-PM.mp4\"><\/video><\/figure>\n<\/div>\n\n\n\n<div class=\"wp-block-column is-layout-flow wp-block-column-is-layout-flow\">\n<figure class=\"wp-block-video\"><video controls src=\"https:\/\/oncofelazaro.com\/wp-content\/uploads\/2025\/01\/Ablacion_Tumor_Higado_2025-01-17-at-7.16.39-PM.mp4\"><\/video><\/figure>\n<\/div>\n<\/div>\n\n\n\n<div class=\"wp-block-columns is-layout-flex wp-container-core-columns-is-layout-9d6595d7 wp-block-columns-is-layout-flex\">\n<div class=\"wp-block-column is-layout-flow wp-block-column-is-layout-flow\">\n<figure class=\"wp-block-video\"><video controls src=\"https:\/\/oncofelazaro.com\/wp-content\/uploads\/2025\/01\/Ablacion_Tumor_Higado.mp4\"><\/video><\/figure>\n<\/div>\n\n\n\n<div class=\"wp-block-column is-layout-flow wp-block-column-is-layout-flow\">\n<figure class=\"wp-block-video\"><video controls src=\"https:\/\/oncofelazaro.com\/wp-content\/uploads\/2024\/06\/Dr-Alexander-Lazaro-2024.mp4\"><\/video><\/figure>\n<\/div>\n\n\n\n<div class=\"wp-block-column is-layout-flow wp-block-column-is-layout-flow\">\n<figure class=\"wp-block-video\"><video controls src=\"https:\/\/oncofelazaro.com\/wp-content\/uploads\/2024\/06\/Ablacion-cancer-higado-1.mp4\"><\/video><\/figure>\n<\/div>\n\n\n\n<div class=\"wp-block-column is-layout-flow wp-block-column-is-layout-flow\">\n<figure class=\"wp-block-video aligncenter\"><video controls src=\"https:\/\/oncofelazaro.com\/wp-content\/uploads\/2024\/06\/Ablacion-cancer-higado-2.mp4\"><\/video><\/figure>\n<\/div>\n<\/div>\n\n\n\n<div class=\"wp-block-columns is-layout-flex wp-container-core-columns-is-layout-9d6595d7 wp-block-columns-is-layout-flex\">\n<div class=\"wp-block-column is-layout-flow wp-block-column-is-layout-flow\">\n<figure class=\"wp-block-video\"><video controls src=\"https:\/\/oncofelazaro.com\/wp-content\/uploads\/2024\/06\/Ablacion-cancer-higado-3.mp4\"><\/video><\/figure>\n<\/div>\n\n\n\n<div class=\"wp-block-column is-layout-flow wp-block-column-is-layout-flow\">\n<figure class=\"wp-block-video\"><video controls src=\"https:\/\/oncofelazaro.com\/wp-content\/uploads\/2023\/10\/video1.mp4\"><\/video><\/figure>\n<\/div>\n\n\n\n<div class=\"wp-block-column is-layout-flow wp-block-column-is-layout-flow\">\n<figure class=\"wp-block-video\"><video controls src=\"https:\/\/oncofelazaro.com\/wp-content\/uploads\/2023\/10\/video2.mp4\"><\/video><\/figure>\n<\/div>\n<\/div>\n\n\n\n<div class=\"wp-block-columns is-layout-flex wp-container-core-columns-is-layout-9d6595d7 wp-block-columns-is-layout-flex\">\n<div class=\"wp-block-column is-layout-flow wp-block-column-is-layout-flow\">\n<figure class=\"wp-block-video\"><video controls src=\"https:\/\/oncofelazaro.com\/wp-content\/uploads\/2023\/10\/video3.mp4\"><\/video><\/figure>\n<\/div>\n\n\n\n<div class=\"wp-block-column is-layout-flow wp-block-column-is-layout-flow\">\n<figure class=\"wp-block-image size-full\"><img loading=\"lazy\" decoding=\"async\" width=\"771\" height=\"1024\" src=\"https:\/\/oncofelazaro.com\/wp-content\/uploads\/2023\/10\/imagenv1.jpeg\" alt=\"\" class=\"wp-image-528\" srcset=\"https:\/\/oncofelazaro.com\/wp-content\/uploads\/2023\/10\/imagenv1.jpeg 771w, https:\/\/oncofelazaro.com\/wp-content\/uploads\/2023\/10\/imagenv1-226x300.jpeg 226w, https:\/\/oncofelazaro.com\/wp-content\/uploads\/2023\/10\/imagenv1-768x1020.jpeg 768w\" sizes=\"auto, (max-width: 771px) 100vw, 771px\" \/><\/figure>\n<\/div>\n\n\n\n<div class=\"wp-block-column is-layout-flow wp-block-column-is-layout-flow\">\n<figure class=\"wp-block-image size-full\"><img loading=\"lazy\" decoding=\"async\" width=\"771\" height=\"1024\" src=\"https:\/\/oncofelazaro.com\/wp-content\/uploads\/2023\/10\/imagenv2.jpeg\" alt=\"\" class=\"wp-image-529\" srcset=\"https:\/\/oncofelazaro.com\/wp-content\/uploads\/2023\/10\/imagenv2.jpeg 771w, https:\/\/oncofelazaro.com\/wp-content\/uploads\/2023\/10\/imagenv2-226x300.jpeg 226w, https:\/\/oncofelazaro.com\/wp-content\/uploads\/2023\/10\/imagenv2-768x1020.jpeg 768w\" sizes=\"auto, (max-width: 771px) 100vw, 771px\" \/><\/figure>\n<\/div>\n<\/div>\n\n\n\n<div class=\"wp-block-columns are-vertically-aligned-bottom is-layout-flex wp-container-core-columns-is-layout-9d6595d7 wp-block-columns-is-layout-flex\">\n<div class=\"wp-block-column is-vertically-aligned-bottom is-layout-flow wp-block-column-is-layout-flow\">\n<figure class=\"wp-block-video\"><video controls src=\"https:\/\/oncofelazaro.com\/wp-content\/uploads\/2023\/07\/Ablacion-por-Microondas.mp4\"><\/video><\/figure>\n<\/div>\n\n\n\n<div class=\"wp-block-column is-vertically-aligned-bottom is-layout-flow wp-block-column-is-layout-flow\">\n<figure class=\"wp-block-video\"><video controls src=\"https:\/\/oncofelazaro.com\/wp-content\/uploads\/2023\/07\/Ablacion-Tumor-de-higado.mp4\"><\/video><\/figure>\n<\/div>\n\n\n\n<div class=\"wp-block-column is-vertically-aligned-bottom is-layout-flow wp-block-column-is-layout-flow\">\n<figure class=\"wp-block-video\"><video controls src=\"https:\/\/oncofelazaro.com\/wp-content\/uploads\/2023\/07\/Cancer-Higado-Cirriotico-3.mp4\"><\/video><\/figure>\n<\/div>\n\n\n\n<div class=\"wp-block-column is-vertically-aligned-bottom is-layout-flow wp-block-column-is-layout-flow\">\n<figure class=\"wp-block-image size-full\"><img loading=\"lazy\" decoding=\"async\" width=\"724\" height=\"1024\" src=\"https:\/\/oncofelazaro.com\/wp-content\/uploads\/2023\/07\/Tratamiento-cancer-higado.jpeg\" alt=\"\" class=\"wp-image-200\" srcset=\"https:\/\/oncofelazaro.com\/wp-content\/uploads\/2023\/07\/Tratamiento-cancer-higado.jpeg 724w, https:\/\/oncofelazaro.com\/wp-content\/uploads\/2023\/07\/Tratamiento-cancer-higado-212x300.jpeg 212w\" sizes=\"auto, (max-width: 724px) 100vw, 724px\" \/><\/figure>\n<\/div>\n<\/div>\n\n\n\n<div style=\"height:50px\" aria-hidden=\"true\" class=\"wp-block-spacer\"><\/div>\n\n\n\n<p class=\"has-text-align-center has-white-color has-black-background-color has-text-color has-background has-link-color wp-elements-75f33ac0309749dc99689921a67191b4\"><strong>Ablaci\u00f3n de tumores y met\u00e1stasis en h\u00edgado<\/strong><\/p>\n\n\n\n<div class=\"wp-block-columns is-layout-flex wp-container-core-columns-is-layout-9d6595d7 wp-block-columns-is-layout-flex\">\n<div class=\"wp-block-column is-vertically-aligned-center is-layout-flow wp-block-column-is-layout-flow\" style=\"flex-basis:100%\">\n<div class=\"wp-block-columns is-layout-flex wp-container-core-columns-is-layout-9d6595d7 wp-block-columns-is-layout-flex\">\n<div class=\"wp-block-column is-layout-flow wp-block-column-is-layout-flow\"><\/div>\n\n\n\n<div class=\"wp-block-column is-layout-flow wp-block-column-is-layout-flow\" style=\"flex-basis:500px\">\n<figure class=\"wp-block-video aligncenter\"><video controls src=\"https:\/\/oncofelazaro.com\/wp-content\/uploads\/2024\/06\/Ablacion-Microwave.mp4\"><\/video><\/figure>\n<\/div>\n\n\n\n<div class=\"wp-block-column is-layout-flow wp-block-column-is-layout-flow\"><\/div>\n<\/div>\n<\/div>\n<\/div>\n","protected":false},"excerpt":{"rendered":"<p>La ablaci\u00f3n por microondas es un m\u00e9todo USA que desnaturaliza es decir anula el tumor aplicando calor, sin necesidad de cortar o hacer sangrar al \u00f3rgano, minimizando riesgos de la cirug\u00eda convencional. Especialmente indicado en C\u00e1ncer en h\u00edgado con cirrosis. Ablaci\u00f3n de c\u00e1ncer de h\u00edgado en cirrosis hep\u00e1tica Ablaci\u00f3n de tumores y met\u00e1stasis en h\u00edgado<\/p>\n","protected":false},"author":1,"featured_media":0,"parent":0,"menu_order":0,"comment_status":"closed","ping_status":"closed","template":"","meta":{"footnotes":""},"class_list":["post-13","page","type-page","status-publish","hentry"],"aioseo_notices":[],"_links":{"self":[{"href":"https:\/\/oncofelazaro.com\/index.php\/wp-json\/wp\/v2\/pages\/13","targetHints":{"allow":["GET"]}}],"collection":[{"href":"https:\/\/oncofelazaro.com\/index.php\/wp-json\/wp\/v2\/pages"}],"about":[{"href":"https:\/\/oncofelazaro.com\/index.php\/wp-json\/wp\/v2\/types\/page"}],"author":[{"embeddable":true,"href":"https:\/\/oncofelazaro.com\/index.php\/wp-json\/wp\/v2\/users\/1"}],"replies":[{"embeddable":true,"href":"https:\/\/oncofelazaro.com\/index.php\/wp-json\/wp\/v2\/comments?post=13"}],"version-history":[{"count":69,"href":"https:\/\/oncofelazaro.com\/index.php\/wp-json\/wp\/v2\/pages\/13\/revisions"}],"predecessor-version":[{"id":714,"href":"https:\/\/oncofelazaro.com\/index.php\/wp-json\/wp\/v2\/pages\/13\/revisions\/714"}],"wp:attachment":[{"href":"https:\/\/oncofelazaro.com\/index.php\/wp-json\/wp\/v2\/media?parent=13"}],"curies":[{"name":"wp","href":"https:\/\/api.w.org\/{rel}","templated":true}]}}