{"id":18,"date":"2023-02-17T21:36:12","date_gmt":"2023-02-17T21:36:12","guid":{"rendered":"https:\/\/oncofelazaro.com\/?page_id=18"},"modified":"2025-11-20T16:05:52","modified_gmt":"2025-11-20T16:05:52","slug":"ablacion-por-radiofrecuencia-del-cancer","status":"publish","type":"page","link":"https:\/\/oncofelazaro.com\/index.php\/ablacion-por-radiofrecuencia-del-cancer\/","title":{"rendered":"Ablaci\u00f3n por radiofrecuencia del c\u00e1ncer"},"content":{"rendered":"\n<p class=\"has-white-color has-black-background-color has-text-color has-background has-link-color wp-elements-c1c5641ddce18e9ca0edaed85447ec44\">Ablaci\u00f3n por Radiofrecuencia de C\u00e1ncer de v\u00edas biliares<\/p>\n\n\n\n<div class=\"wp-block-columns is-layout-flex wp-container-core-columns-is-layout-9d6595d7 wp-block-columns-is-layout-flex\">\n<div class=\"wp-block-column is-layout-flow wp-block-column-is-layout-flow\">\n<figure class=\"wp-block-image size-large\"><img loading=\"lazy\" decoding=\"async\" width=\"768\" height=\"1024\" src=\"https:\/\/oncofelazaro.com\/wp-content\/uploads\/2025\/11\/Ablacion-por-radiofrecuencia-1-768x1024.jpeg\" alt=\"\" class=\"wp-image-837\" srcset=\"https:\/\/oncofelazaro.com\/wp-content\/uploads\/2025\/11\/Ablacion-por-radiofrecuencia-1-768x1024.jpeg 768w, https:\/\/oncofelazaro.com\/wp-content\/uploads\/2025\/11\/Ablacion-por-radiofrecuencia-1-225x300.jpeg 225w, https:\/\/oncofelazaro.com\/wp-content\/uploads\/2025\/11\/Ablacion-por-radiofrecuencia-1-1152x1536.jpeg 1152w, https:\/\/oncofelazaro.com\/wp-content\/uploads\/2025\/11\/Ablacion-por-radiofrecuencia-1.jpeg 1200w\" sizes=\"auto, (max-width: 768px) 100vw, 768px\" \/><\/figure>\n<\/div>\n\n\n\n<div class=\"wp-block-column is-layout-flow wp-block-column-is-layout-flow\">\n<figure class=\"wp-block-image size-large\"><img loading=\"lazy\" decoding=\"async\" width=\"768\" height=\"1024\" src=\"https:\/\/oncofelazaro.com\/wp-content\/uploads\/2025\/11\/Ablacion-por-radiofrecuencia-2-768x1024.jpeg\" alt=\"\" class=\"wp-image-836\" srcset=\"https:\/\/oncofelazaro.com\/wp-content\/uploads\/2025\/11\/Ablacion-por-radiofrecuencia-2-768x1024.jpeg 768w, https:\/\/oncofelazaro.com\/wp-content\/uploads\/2025\/11\/Ablacion-por-radiofrecuencia-2-225x300.jpeg 225w, https:\/\/oncofelazaro.com\/wp-content\/uploads\/2025\/11\/Ablacion-por-radiofrecuencia-2-1152x1536.jpeg 1152w, https:\/\/oncofelazaro.com\/wp-content\/uploads\/2025\/11\/Ablacion-por-radiofrecuencia-2.jpeg 1200w\" sizes=\"auto, (max-width: 768px) 100vw, 768px\" \/><\/figure>\n<\/div>\n\n\n\n<div class=\"wp-block-column is-layout-flow wp-block-column-is-layout-flow\">\n<figure class=\"wp-block-image size-large\"><img loading=\"lazy\" decoding=\"async\" width=\"768\" height=\"1024\" src=\"https:\/\/oncofelazaro.com\/wp-content\/uploads\/2025\/11\/Ablacion-por-radiofrecuencia-3-768x1024.jpeg\" alt=\"\" class=\"wp-image-835\" srcset=\"https:\/\/oncofelazaro.com\/wp-content\/uploads\/2025\/11\/Ablacion-por-radiofrecuencia-3-768x1024.jpeg 768w, https:\/\/oncofelazaro.com\/wp-content\/uploads\/2025\/11\/Ablacion-por-radiofrecuencia-3-225x300.jpeg 225w, https:\/\/oncofelazaro.com\/wp-content\/uploads\/2025\/11\/Ablacion-por-radiofrecuencia-3-1152x1536.jpeg 1152w, https:\/\/oncofelazaro.com\/wp-content\/uploads\/2025\/11\/Ablacion-por-radiofrecuencia-3.jpeg 1200w\" sizes=\"auto, (max-width: 768px) 100vw, 768px\" \/><\/figure>\n<\/div>\n\n\n\n<div class=\"wp-block-column is-layout-flow wp-block-column-is-layout-flow\">\n<figure class=\"wp-block-image size-large\"><img loading=\"lazy\" decoding=\"async\" width=\"768\" height=\"1024\" src=\"https:\/\/oncofelazaro.com\/wp-content\/uploads\/2025\/11\/Ablacion-por-radiofrecuencia-4-768x1024.jpeg\" alt=\"\" class=\"wp-image-834\" srcset=\"https:\/\/oncofelazaro.com\/wp-content\/uploads\/2025\/11\/Ablacion-por-radiofrecuencia-4-768x1024.jpeg 768w, https:\/\/oncofelazaro.com\/wp-content\/uploads\/2025\/11\/Ablacion-por-radiofrecuencia-4-225x300.jpeg 225w, https:\/\/oncofelazaro.com\/wp-content\/uploads\/2025\/11\/Ablacion-por-radiofrecuencia-4-1152x1536.jpeg 1152w, https:\/\/oncofelazaro.com\/wp-content\/uploads\/2025\/11\/Ablacion-por-radiofrecuencia-4.jpeg 1200w\" sizes=\"auto, (max-width: 768px) 100vw, 768px\" \/><\/figure>\n<\/div>\n<\/div>\n\n\n\n<div class=\"wp-block-columns is-layout-flex wp-container-core-columns-is-layout-9d6595d7 wp-block-columns-is-layout-flex\">\n<div class=\"wp-block-column is-layout-flow wp-block-column-is-layout-flow\">\n<figure class=\"wp-block-image size-large\"><img loading=\"lazy\" decoding=\"async\" width=\"768\" height=\"1024\" src=\"https:\/\/oncofelazaro.com\/wp-content\/uploads\/2025\/11\/Ablacion-por-radiofrecuencia-4-768x1024.jpeg\" alt=\"\" class=\"wp-image-834\" srcset=\"https:\/\/oncofelazaro.com\/wp-content\/uploads\/2025\/11\/Ablacion-por-radiofrecuencia-4-768x1024.jpeg 768w, https:\/\/oncofelazaro.com\/wp-content\/uploads\/2025\/11\/Ablacion-por-radiofrecuencia-4-225x300.jpeg 225w, https:\/\/oncofelazaro.com\/wp-content\/uploads\/2025\/11\/Ablacion-por-radiofrecuencia-4-1152x1536.jpeg 1152w, https:\/\/oncofelazaro.com\/wp-content\/uploads\/2025\/11\/Ablacion-por-radiofrecuencia-4.jpeg 1200w\" sizes=\"auto, (max-width: 768px) 100vw, 768px\" \/><\/figure>\n<\/div>\n\n\n\n<div class=\"wp-block-column is-layout-flow wp-block-column-is-layout-flow\">\n<figure class=\"wp-block-image size-large\"><img loading=\"lazy\" decoding=\"async\" width=\"768\" height=\"1024\" src=\"https:\/\/oncofelazaro.com\/wp-content\/uploads\/2025\/11\/Ablacion-por-radiofrecuencia-5-768x1024.jpeg\" alt=\"\" class=\"wp-image-833\" srcset=\"https:\/\/oncofelazaro.com\/wp-content\/uploads\/2025\/11\/Ablacion-por-radiofrecuencia-5-768x1024.jpeg 768w, https:\/\/oncofelazaro.com\/wp-content\/uploads\/2025\/11\/Ablacion-por-radiofrecuencia-5-225x300.jpeg 225w, https:\/\/oncofelazaro.com\/wp-content\/uploads\/2025\/11\/Ablacion-por-radiofrecuencia-5-1152x1536.jpeg 1152w, https:\/\/oncofelazaro.com\/wp-content\/uploads\/2025\/11\/Ablacion-por-radiofrecuencia-5.jpeg 1200w\" sizes=\"auto, (max-width: 768px) 100vw, 768px\" \/><\/figure>\n<\/div>\n\n\n\n<div class=\"wp-block-column is-layout-flow wp-block-column-is-layout-flow\">\n<figure class=\"wp-block-image size-large\"><img loading=\"lazy\" decoding=\"async\" width=\"768\" height=\"1024\" src=\"https:\/\/oncofelazaro.com\/wp-content\/uploads\/2025\/11\/Ablacion-por-radiofrecuencia-8-768x1024.jpeg\" alt=\"\" class=\"wp-image-830\" srcset=\"https:\/\/oncofelazaro.com\/wp-content\/uploads\/2025\/11\/Ablacion-por-radiofrecuencia-8-768x1024.jpeg 768w, https:\/\/oncofelazaro.com\/wp-content\/uploads\/2025\/11\/Ablacion-por-radiofrecuencia-8-225x300.jpeg 225w, https:\/\/oncofelazaro.com\/wp-content\/uploads\/2025\/11\/Ablacion-por-radiofrecuencia-8-1152x1536.jpeg 1152w, https:\/\/oncofelazaro.com\/wp-content\/uploads\/2025\/11\/Ablacion-por-radiofrecuencia-8.jpeg 1200w\" sizes=\"auto, (max-width: 768px) 100vw, 768px\" \/><\/figure>\n<\/div>\n\n\n\n<div class=\"wp-block-column is-layout-flow wp-block-column-is-layout-flow\">\n<figure class=\"wp-block-image size-large\"><img loading=\"lazy\" decoding=\"async\" width=\"768\" height=\"1024\" src=\"https:\/\/oncofelazaro.com\/wp-content\/uploads\/2025\/11\/Ablacion-por-radiofrecuencia-8-768x1024.jpeg\" alt=\"\" class=\"wp-image-830\" srcset=\"https:\/\/oncofelazaro.com\/wp-content\/uploads\/2025\/11\/Ablacion-por-radiofrecuencia-8-768x1024.jpeg 768w, https:\/\/oncofelazaro.com\/wp-content\/uploads\/2025\/11\/Ablacion-por-radiofrecuencia-8-225x300.jpeg 225w, https:\/\/oncofelazaro.com\/wp-content\/uploads\/2025\/11\/Ablacion-por-radiofrecuencia-8-1152x1536.jpeg 1152w, https:\/\/oncofelazaro.com\/wp-content\/uploads\/2025\/11\/Ablacion-por-radiofrecuencia-8.jpeg 1200w\" sizes=\"auto, (max-width: 768px) 100vw, 768px\" \/><\/figure>\n<\/div>\n<\/div>\n\n\n\n<div class=\"wp-block-columns is-layout-flex wp-container-core-columns-is-layout-9d6595d7 wp-block-columns-is-layout-flex\">\n<div class=\"wp-block-column is-layout-flow wp-block-column-is-layout-flow\">\n<figure class=\"wp-block-video\"><video controls src=\"https:\/\/oncofelazaro.com\/wp-content\/uploads\/2025\/11\/Ablacion-Radiofrecuencia-cancer-vias-biliares-1.mp4\"><\/video><\/figure>\n<\/div>\n\n\n\n<div class=\"wp-block-column is-layout-flow wp-block-column-is-layout-flow\">\n<figure class=\"wp-block-video\"><video controls src=\"https:\/\/oncofelazaro.com\/wp-content\/uploads\/2025\/11\/Ablacion-Radiofrecuencia-cancer-vias-biliares-3.mp4\"><\/video><\/figure>\n<\/div>\n\n\n\n<div class=\"wp-block-column is-layout-flow wp-block-column-is-layout-flow\">\n<figure class=\"wp-block-video\"><video controls src=\"https:\/\/oncofelazaro.com\/wp-content\/uploads\/2025\/11\/Ablacion-Radiofrecuencia-cancer-vias-biliares-4.mp4\"><\/video><\/figure>\n<\/div>\n\n\n\n<div class=\"wp-block-column is-layout-flow wp-block-column-is-layout-flow\">\n<figure class=\"wp-block-video\"><video controls src=\"https:\/\/oncofelazaro.com\/wp-content\/uploads\/2025\/11\/Ablacion-Radiofrecuencia-cancer-vias-biliares-5.mp4\"><\/video><\/figure>\n<\/div>\n<\/div>\n\n\n\n<div class=\"wp-block-columns is-layout-flex wp-container-core-columns-is-layout-9d6595d7 wp-block-columns-is-layout-flex\">\n<div class=\"wp-block-column is-layout-flow wp-block-column-is-layout-flow\" style=\"flex-basis:20%\"><\/div>\n\n\n\n<div class=\"wp-block-column is-layout-flow wp-block-column-is-layout-flow\">\n<figure class=\"wp-block-video\"><video controls src=\"https:\/\/oncofelazaro.com\/wp-content\/uploads\/2025\/11\/Ablacion-Radiofrecuencia-cancer-vias-biliares-2.mp4\"><\/video><\/figure>\n<\/div>\n\n\n\n<div class=\"wp-block-column is-layout-flow wp-block-column-is-layout-flow\" style=\"flex-basis:20%\"><\/div>\n<\/div>\n\n\n\n<p><\/p>\n","protected":false},"excerpt":{"rendered":"<p>Ablaci\u00f3n por Radiofrecuencia de C\u00e1ncer de v\u00edas biliares<\/p>\n","protected":false},"author":1,"featured_media":0,"parent":0,"menu_order":0,"comment_status":"closed","ping_status":"closed","template":"","meta":{"footnotes":""},"class_list":["post-18","page","type-page","status-publish","hentry"],"aioseo_notices":[],"_links":{"self":[{"href":"https:\/\/oncofelazaro.com\/index.php\/wp-json\/wp\/v2\/pages\/18","targetHints":{"allow":["GET"]}}],"collection":[{"href":"https:\/\/oncofelazaro.com\/index.php\/wp-json\/wp\/v2\/pages"}],"about":[{"href":"https:\/\/oncofelazaro.com\/index.php\/wp-json\/wp\/v2\/types\/page"}],"author":[{"embeddable":true,"href":"https:\/\/oncofelazaro.com\/index.php\/wp-json\/wp\/v2\/users\/1"}],"replies":[{"embeddable":true,"href":"https:\/\/oncofelazaro.com\/index.php\/wp-json\/wp\/v2\/comments?post=18"}],"version-history":[{"count":2,"href":"https:\/\/oncofelazaro.com\/index.php\/wp-json\/wp\/v2\/pages\/18\/revisions"}],"predecessor-version":[{"id":843,"href":"https:\/\/oncofelazaro.com\/index.php\/wp-json\/wp\/v2\/pages\/18\/revisions\/843"}],"wp:attachment":[{"href":"https:\/\/oncofelazaro.com\/index.php\/wp-json\/wp\/v2\/media?parent=18"}],"curies":[{"name":"wp","href":"https:\/\/api.w.org\/{rel}","templated":true}]}}