{"id":535,"date":"2024-03-05T18:07:11","date_gmt":"2024-03-05T18:07:11","guid":{"rendered":"https:\/\/oncofelazaro.com\/?page_id=535"},"modified":"2024-06-24T22:02:21","modified_gmt":"2024-06-24T22:02:21","slug":"cirugias-con-laser","status":"publish","type":"page","link":"https:\/\/oncofelazaro.com\/index.php\/cirugias-con-laser\/","title":{"rendered":"CIRUG\u00cdAS CON LASER"},"content":{"rendered":"\n<p>En ONCOFE L\u00c1ZARO contamos con equipos m\u00e9dicos laser que tienen la capacidad de realizar cortes y cicatrizaciones de tejidos al mismo tiempo, evitando el sangrado que se producen en las cirug\u00edas convencionales. Se aplica en la eliminaci\u00f3n de estr\u00edas, manchas producidas por el sol, verrugas, lunares malignos, etc.<\/p>\n\n\n\n<p class=\"has-text-align-center has-medium-font-size\"><strong>Extirpaci\u00f3n de Ganglio axilar con Laser<\/strong><\/p>\n\n\n\n<div class=\"wp-block-columns is-layout-flex wp-container-core-columns-is-layout-9d6595d7 wp-block-columns-is-layout-flex\">\n<div class=\"wp-block-column is-layout-flow wp-block-column-is-layout-flow\">\n<figure class=\"wp-block-video\"><video controls src=\"https:\/\/oncofelazaro.com\/wp-content\/uploads\/2024\/06\/Extirpacion-de-ganglio-axilar-con-laser.mp4\"><\/video><\/figure>\n<\/div>\n\n\n\n<div class=\"wp-block-column is-layout-flow wp-block-column-is-layout-flow\"><\/div>\n\n\n\n<div class=\"wp-block-column is-layout-flow wp-block-column-is-layout-flow\"><\/div>\n<\/div>\n\n\n\n<div style=\"height:40px\" aria-hidden=\"true\" class=\"wp-block-spacer\"><\/div>\n\n\n\n<p class=\"has-text-align-center has-medium-font-size\"><strong>Extirpaci\u00f3n de Hemorroides con Laser<\/strong><\/p>\n\n\n\n<div class=\"wp-block-columns is-layout-flex wp-container-core-columns-is-layout-9d6595d7 wp-block-columns-is-layout-flex\">\n<div class=\"wp-block-column is-layout-flow wp-block-column-is-layout-flow\" style=\"flex-basis:33.34%\">\n<figure class=\"wp-block-video\"><video controls src=\"https:\/\/oncofelazaro.com\/wp-content\/uploads\/2024\/06\/Hemorroidectomia-Laser_2.mp4\"><\/video><\/figure>\n<\/div>\n\n\n\n<div class=\"wp-block-column is-layout-flow wp-block-column-is-layout-flow\" style=\"flex-basis:33.33%\">\n<figure class=\"wp-block-video\"><video controls src=\"https:\/\/oncofelazaro.com\/wp-content\/uploads\/2024\/06\/Hemorroidectomia-Laser.mp4\"><\/video><\/figure>\n<\/div>\n\n\n\n<div class=\"wp-block-column is-layout-flow wp-block-column-is-layout-flow\" style=\"flex-basis:33.33%\"><\/div>\n<\/div>\n\n\n\n<p class=\"has-medium-font-size\"><strong>Extirpaci\u00f3n de tumor de regi\u00f3n perianal tipo verruga gigante, sin dolor, mejor cicatrizaci\u00f3n, m\u00ednimo sangrado<\/strong>.<\/p>\n\n\n\n<div class=\"wp-block-columns is-layout-flex wp-container-core-columns-is-layout-9d6595d7 wp-block-columns-is-layout-flex\">\n<div class=\"wp-block-column is-layout-flow wp-block-column-is-layout-flow\">\n<figure class=\"wp-block-video\"><video controls src=\"https:\/\/oncofelazaro.com\/wp-content\/uploads\/2024\/03\/Laser-1.mp4\"><\/video><\/figure>\n<\/div>\n\n\n\n<div class=\"wp-block-column is-layout-flow wp-block-column-is-layout-flow\">\n<figure class=\"wp-block-video\"><video controls src=\"https:\/\/oncofelazaro.com\/wp-content\/uploads\/2024\/03\/Laser-2.mp4\"><\/video><\/figure>\n<\/div>\n\n\n\n<div class=\"wp-block-column is-layout-flow wp-block-column-is-layout-flow\">\n<figure class=\"wp-block-video\"><video controls src=\"https:\/\/oncofelazaro.com\/wp-content\/uploads\/2024\/03\/Laser-3.mp4\"><\/video><\/figure>\n<\/div>\n<\/div>\n\n\n\n<div style=\"height:20px\" aria-hidden=\"true\" class=\"wp-block-spacer\"><\/div>\n\n\n\n<p class=\"has-medium-font-size\"><strong>Extirpaci\u00f3n de lunar maligno con l\u00e1ser, sin dolor , sin cicatriz , sin sangrado<\/strong><\/p>\n\n\n\n<div class=\"wp-block-columns is-layout-flex wp-container-core-columns-is-layout-9d6595d7 wp-block-columns-is-layout-flex\">\n<div class=\"wp-block-column is-layout-flow wp-block-column-is-layout-flow\">\n<figure class=\"wp-block-video\"><video controls src=\"https:\/\/oncofelazaro.com\/wp-content\/uploads\/2024\/03\/Extirpacion-de-Lunar-Maligno.mp4\"><\/video><\/figure>\n<\/div>\n<\/div>\n","protected":false},"excerpt":{"rendered":"<p>En ONCOFE L\u00c1ZARO contamos con equipos m\u00e9dicos laser que tienen la capacidad de realizar cortes y cicatrizaciones de tejidos al mismo tiempo, evitando el sangrado que se producen en las cirug\u00edas convencionales. Se aplica en la eliminaci\u00f3n de estr\u00edas, manchas producidas por el sol, verrugas, lunares malignos, etc. Extirpaci\u00f3n de Ganglio axilar con Laser Extirpaci\u00f3n&hellip;<\/p>\n<p class=\"more-link\"><a href=\"https:\/\/oncofelazaro.com\/index.php\/cirugias-con-laser\/\" class=\"themebutton2\">Read More<\/a><\/p>\n","protected":false},"author":1,"featured_media":0,"parent":0,"menu_order":0,"comment_status":"closed","ping_status":"closed","template":"","meta":{"footnotes":""},"class_list":["post-535","page","type-page","status-publish","hentry"],"aioseo_notices":[],"_links":{"self":[{"href":"https:\/\/oncofelazaro.com\/index.php\/wp-json\/wp\/v2\/pages\/535","targetHints":{"allow":["GET"]}}],"collection":[{"href":"https:\/\/oncofelazaro.com\/index.php\/wp-json\/wp\/v2\/pages"}],"about":[{"href":"https:\/\/oncofelazaro.com\/index.php\/wp-json\/wp\/v2\/types\/page"}],"author":[{"embeddable":true,"href":"https:\/\/oncofelazaro.com\/index.php\/wp-json\/wp\/v2\/users\/1"}],"replies":[{"embeddable":true,"href":"https:\/\/oncofelazaro.com\/index.php\/wp-json\/wp\/v2\/comments?post=535"}],"version-history":[{"count":9,"href":"https:\/\/oncofelazaro.com\/index.php\/wp-json\/wp\/v2\/pages\/535\/revisions"}],"predecessor-version":[{"id":700,"href":"https:\/\/oncofelazaro.com\/index.php\/wp-json\/wp\/v2\/pages\/535\/revisions\/700"}],"wp:attachment":[{"href":"https:\/\/oncofelazaro.com\/index.php\/wp-json\/wp\/v2\/media?parent=535"}],"curies":[{"name":"wp","href":"https:\/\/api.w.org\/{rel}","templated":true}]}}