{"id":767,"date":"2025-06-02T17:17:16","date_gmt":"2025-06-02T17:17:16","guid":{"rendered":"https:\/\/oncofelazaro.com\/?page_id=767"},"modified":"2025-06-04T16:26:44","modified_gmt":"2025-06-04T16:26:44","slug":"politica-de-privacidad","status":"publish","type":"page","link":"https:\/\/oncofelazaro.com\/index.php\/politica-de-privacidad\/","title":{"rendered":"Pol\u00edtica de privacidad"},"content":{"rendered":"\n<p>ONCOFE L\u00c1ZARO &#8211; Pol\u00edtica de privacidad<br>Esta pol\u00edtica de privacidad rige el uso de la aplicaci\u00f3n Oncofe L\u00e1zaro para dispositivos m\u00f3viles Android, creada por Expande Plus.<\/p>\n\n\n\n<p>ONCOFE L\u00c1ZARO <strong>NO ofrece ninguna funci\u00f3n de salud.<\/strong><\/p>\n\n\n\n<p>\u00bfQu\u00e9 informaci\u00f3n recopilamos?<br>La aplicaci\u00f3n no recopila informaci\u00f3n personal como nombre, apellidos, edad, fecha de nacimiento, etc.<br>Utilizamos la informaci\u00f3n de seguimiento del rendimiento de la aplicaci\u00f3n proporcionada por Google para mejorarla. Esta aplicaci\u00f3n solo se utiliza como medio informativo.<\/p>\n\n\n\n<p>Google Analytics<br>Esta aplicaci\u00f3n utiliza Google Analytics para analizar c\u00f3mo la usas. Esto nos ayuda a mejorar este producto.<br>Gracias a Google Analytics, sabemos cu\u00e1nto tiempo la usas, qu\u00e9 tipo de dispositivo usas, d\u00f3nde vives y mucho m\u00e1s. Todo esto se utiliza para mejorar la aplicaci\u00f3n.<br>M\u00e1s informaci\u00f3n sobre Google Analytics<\/p>\n\n\n\n<p>Anuncio<br>La pol\u00edtica de privacidad de Google AdMob est\u00e1 disponible aqu\u00ed: https:\/\/support.google.com\/admob\/answer\/6128543?hl=es.<br>Proveedores externos, incluido Google, utilizan cookies para mostrar anuncios basados \u200b\u200ben las visitas anteriores de un usuario a tu sitio web. El uso que Google hace de la cookie de DoubleClick le permite, junto con sus socios, mostrar anuncios a sus usuarios seg\u00fan sus visitas a sus sitios web u otros sitios web.<br>Los usuarios pueden desactivar el uso de la cookie de DoubleClick para la publicidad basada en intereses visitando la configuraci\u00f3n de anuncios. (Alternativamente, puede indicarles que desactiven el uso de cookies de terceros para la publicidad basada en intereses visitando aboutads.info).<\/p>\n\n\n\n<p>Contacto<br>Para contactarnos, utilice el correo electr\u00f3nico: global.ctrl@yahoo.es<\/p>\n","protected":false},"excerpt":{"rendered":"<p>ONCOFE L\u00c1ZARO &#8211; Pol\u00edtica de privacidadEsta pol\u00edtica de privacidad rige el uso de la aplicaci\u00f3n Oncofe L\u00e1zaro para dispositivos m\u00f3viles Android, creada por Expande Plus. ONCOFE L\u00c1ZARO NO ofrece ninguna funci\u00f3n de salud. \u00bfQu\u00e9 informaci\u00f3n recopilamos?La aplicaci\u00f3n no recopila informaci\u00f3n personal como nombre, apellidos, edad, fecha de nacimiento, etc.Utilizamos la informaci\u00f3n de seguimiento del rendimiento&hellip;<\/p>\n<p class=\"more-link\"><a href=\"https:\/\/oncofelazaro.com\/index.php\/politica-de-privacidad\/\" class=\"themebutton2\">Read More<\/a><\/p>\n","protected":false},"author":1,"featured_media":0,"parent":0,"menu_order":0,"comment_status":"closed","ping_status":"closed","template":"","meta":{"footnotes":""},"class_list":["post-767","page","type-page","status-publish","hentry"],"aioseo_notices":[],"_links":{"self":[{"href":"https:\/\/oncofelazaro.com\/index.php\/wp-json\/wp\/v2\/pages\/767","targetHints":{"allow":["GET"]}}],"collection":[{"href":"https:\/\/oncofelazaro.com\/index.php\/wp-json\/wp\/v2\/pages"}],"about":[{"href":"https:\/\/oncofelazaro.com\/index.php\/wp-json\/wp\/v2\/types\/page"}],"author":[{"embeddable":true,"href":"https:\/\/oncofelazaro.com\/index.php\/wp-json\/wp\/v2\/users\/1"}],"replies":[{"embeddable":true,"href":"https:\/\/oncofelazaro.com\/index.php\/wp-json\/wp\/v2\/comments?post=767"}],"version-history":[{"count":3,"href":"https:\/\/oncofelazaro.com\/index.php\/wp-json\/wp\/v2\/pages\/767\/revisions"}],"predecessor-version":[{"id":772,"href":"https:\/\/oncofelazaro.com\/index.php\/wp-json\/wp\/v2\/pages\/767\/revisions\/772"}],"wp:attachment":[{"href":"https:\/\/oncofelazaro.com\/index.php\/wp-json\/wp\/v2\/media?parent=767"}],"curies":[{"name":"wp","href":"https:\/\/api.w.org\/{rel}","templated":true}]}}